{"id":117,"date":"2025-12-16T11:46:19","date_gmt":"2025-12-16T11:46:19","guid":{"rendered":"https:\/\/demo.awaikenthemes.com\/soilux\/?post_type=product&#038;p=117"},"modified":"2026-04-09T10:46:55","modified_gmt":"2026-04-09T10:46:55","slug":"silvershield-nano","status":"publish","type":"product","link":"https:\/\/nanonsg.com\/index.php\/product\/silvershield-nano\/","title":{"rendered":"CH\u1ebe PH\u1ea8M SILVERSHIELD NANO"},"content":{"rendered":"<p><strong>Th\u00e0nh ph\u1ea7n: <\/strong><\/p>\n<ul>\n<li>Nano Ag: 1.000ppm<\/li>\n<li>Chitosan: 10.000ppm<\/li>\n<li>Ph\u1ee5 gia v\u1eeba \u0111\u1ee7<\/li>\n<\/ul>\n<p><strong>C\u00f4ng d\u1ee5ng:<\/strong><\/p>\n<ul>\n<li>Ph\u00f2ng ng\u1eeba n\u1ea5m b\u1ec7nh, vi khu\u1ea9n g\u00e2y h\u1ea1i cho c\u00e2y<\/li>\n<li>Ng\u0103n h\u00ecnh th\u00e0nh v\u00e0 ph\u00e1t t\u00e1n b\u00e0o t\u1eed, gi\u00fap gi\u1ea3m nguy c\u01a1 l\u00e2y lan trong v\u01b0\u1eddn<\/li>\n<li>T\u1ea1o l\u1edbp m\u00e0ng sinh h\u1ecdc, gi\u1ea3m nguy c\u01a1 x\u00e2m nhi\u1ec5m c\u1ee7a b\u1ec7nh<\/li>\n<li>C\u1ea3i thi\u1ec7n \u0111\u1ec1 kh\u00e1ng n\u1ed9i sinh c\u1ee7a c\u00e2y.<\/li>\n<li>Ph\u00f2ng ng\u1eeba ch\u1ee7 \u0111\u1ed9ng c\u00e1c b\u1ec7nh do n\u1ea5m v\u00e0 vi khu\u1ea9n g\u00e2y ra tr\u00ean h\u1ea7u h\u1ebft c\u00e2y tr\u1ed3ng.<\/li>\n<li>Gi\u1ea3m t\u1ef7 l\u1ec7 nhi\u1ec5m c\u00e1c b\u1ec7nh ph\u1ed5 bi\u1ebfn: Th\u1ed1i r\u1ec5; ch\u1ebft c\u00e2y con; ch\u1ebft \u0111\u1ed9t ng\u1ed9t; \u0111\u1ed1m l\u00e1; ch\u00e1y l\u00e1; th\u00e1n th\u01b0; ph\u1ea5n tr\u1eafng; m\u1ed1c x\u00e1m; n\u1ee9t \u2013 th\u1ed1i tr\u00e1i; lem tr\u00e1i<\/li>\n<li>T\u0103ng t\u00ednh kh\u00e1ng b\u1ec7nh t\u1ef1 nhi\u00ean, h\u1ea1n ch\u1ebf ph\u1ea3i d\u00f9ng thu\u1ed1c h\u00f3a h\u1ecdc.<\/li>\n<li>Ph\u1ee5c h\u1ed3i m\u00f4 l\u00e1 \u2013 m\u00f4 th\u00e2n sau khi b\u1ecb t\u1ed5n th\u01b0\u01a1ng do b\u1ec7nh.<\/li>\n<li>Gi\u1ea3m stress \u1edf c\u00e2y trong \u0111i\u1ec1u ki\u1ec7n th\u1eddi ti\u1ebft \u1ea9m k\u00e9o d\u00e0i.<\/li>\n<li>An to\u00e0n \u0111\u1ed1i v\u1edbi c\u00e2y tr\u1ed3ng v\u00e0 ng\u01b0\u1eddi s\u1eed d\u1ee5ng, ph\u00f9 h\u1ee3p s\u1eed d\u1ee5ng l\u00e2u d\u00e0i..<\/li>\n<\/ul>\n<p><strong>H\u01b0\u1edbng d\u1eabn s\u1eed d\u1ee5ng<\/strong><\/p>\n<ul>\n<li>Pha theo t\u1ef7 l\u1ec7 1:500. V\u00ed d\u1ee5: Pha 20 ml cho 10 l\u00edt n\u01b0\u1edbc, ho\u1eb7c 1 l\u00edt cho 500 l\u00edt n\u01b0\u1edbc<\/li>\n<li>Phun 7 ng\u00e0y\/l\u1ea7n, phun v\u00e0o s\u00e1ng s\u1edbm ho\u1eb7c chi\u1ec1u m\u00e1t, phun \u0111\u1ec1u 2 m\u1eb7t l\u00e1 \u0111\u1ec3 t\u1ed1i \u01b0u h\u1ea5p thu.<\/li>\n<\/ul>\n<p><strong>Th\u00f4ng tin c\u1ea3nh b\u00e1o an to\u00e0n \u2013 b\u1ea3o qu\u1ea3n:<\/strong><\/p>\n<ul>\n<li>R\u1eeda tay s\u1ea1ch tr\u01b0\u1edbc khi s\u1eed d\u1ee5ng<\/li>\n<li>Kh\u00f4ng \u0111\u01b0\u1ee3c u\u1ed1ng, \u0111\u1ec3 xa t\u1ea7m tay tr\u1ebb em<\/li>\n<li>\u0110\u1ec3 n\u01a1i kh\u00f4 r\u00e1o, tho\u00e1ng m\u00e1t<\/li>\n<li>V\u1eb7n ch\u1eb7t khi kh\u00f4ng s\u1eed d\u1ee5ng<\/li>\n<\/ul>\n<p><strong>Th\u1ec3 t\u00edch: 500ml<\/strong><\/p>\n","protected":false},"excerpt":{"rendered":"<p data-start=\"0\" data-end=\"276\"><b>SILVERSHIELD NANO<\/b> l\u00e0 <strong data-start=\"25\" data-end=\"111\" data-is-only-node=\"\">gi\u1ea3i ph\u00e1p nano b\u1ea1c gi\u00fap b\u1ea3o v\u1ec7 c\u00e2y tr\u1ed3ng, ph\u00f2ng ng\u1eeba n\u1ea5m b\u1ec7nh v\u00e0 vi khu\u1ea9n hi\u1ec7u qu\u1ea3<\/strong>.<br data-start=\"112\" data-end=\"115\" \/>\u1ee8ng d\u1ee5ng <strong data-start=\"124\" data-end=\"147\">nano Ag (nano b\u1ea1c) v\u00e0 Chitosan<\/strong>, s\u1ea3n ph\u1ea9m c\u00f3 t\u00e1c d\u1ee5ng:<\/p>\n<ul>\n<li data-start=\"0\" data-end=\"276\">T\u1ea1o l\u1edbp m\u00e0ng sinh h\u1ecdc b\u1ea3o v\u1ec7, ng\u0103n b\u00e0o t\u1eed ph\u00e1t t\u00e1n<\/li>\n<li data-start=\"0\" data-end=\"276\">T\u0103ng \u0111\u1ec1 kh\u00e1ng t\u1ef1 nhi\u00ean<\/li>\n<li data-start=\"0\" data-end=\"276\">H\u1ed7 tr\u1ee3 ph\u1ee5c h\u1ed3i m\u00f4 c\u00e2y sau t\u1ed5n th\u01b0\u01a1ng.<\/li>\n<\/ul>\n<p data-start=\"278\" data-end=\"444\" data-is-last-node=\"\" data-is-only-node=\"\"><strong data-start=\"278\" data-end=\"312\">Ph\u00f9 h\u1ee3p cho m\u1ecdi lo\u1ea1i c\u00e2y tr\u1ed3ng<\/strong>,\u00a0gi\u1ea3m nguy c\u01a1 l\u00e2y lan b\u1ec7nh, h\u1ea1n ch\u1ebf s\u1eed d\u1ee5ng thu\u1ed1c h\u00f3a h\u1ecdc v\u00e0 duy tr\u00ec c\u00e2y kh\u1ecfe trong \u0111i\u1ec1u ki\u1ec7n b\u1ea5t l\u1ee3i.<\/p>\n","protected":false},"featured_media":10729,"comment_status":"open","ping_status":"closed","template":"","meta":[],"product_brand":[],"product_cat":[27],"product_tag":[],"class_list":{"0":"post-117","1":"product","2":"type-product","3":"status-publish","4":"has-post-thumbnail","6":"product_cat-nano-bao-ve","8":"first","9":"instock","10":"shipping-taxable","11":"product-type-simple"},"_links":{"self":[{"href":"https:\/\/nanonsg.com\/index.php\/wp-json\/wp\/v2\/product\/117","targetHints":{"allow":["GET"]}}],"collection":[{"href":"https:\/\/nanonsg.com\/index.php\/wp-json\/wp\/v2\/product"}],"about":[{"href":"https:\/\/nanonsg.com\/index.php\/wp-json\/wp\/v2\/types\/product"}],"replies":[{"embeddable":true,"href":"https:\/\/nanonsg.com\/index.php\/wp-json\/wp\/v2\/comments?post=117"}],"wp:featuredmedia":[{"embeddable":true,"href":"https:\/\/nanonsg.com\/index.php\/wp-json\/wp\/v2\/media\/10729"}],"wp:attachment":[{"href":"https:\/\/nanonsg.com\/index.php\/wp-json\/wp\/v2\/media?parent=117"}],"wp:term":[{"taxonomy":"product_brand","embeddable":true,"href":"https:\/\/nanonsg.com\/index.php\/wp-json\/wp\/v2\/product_brand?post=117"},{"taxonomy":"product_cat","embeddable":true,"href":"https:\/\/nanonsg.com\/index.php\/wp-json\/wp\/v2\/product_cat?post=117"},{"taxonomy":"product_tag","embeddable":true,"href":"https:\/\/nanonsg.com\/index.php\/wp-json\/wp\/v2\/product_tag?post=117"}],"curies":[{"name":"wp","href":"https:\/\/api.w.org\/{rel}","templated":true}]}}