{"id":114,"date":"2025-12-16T11:35:44","date_gmt":"2025-12-16T11:35:44","guid":{"rendered":"https:\/\/demo.awaikenthemes.com\/soilux\/?post_type=product&#038;p=114"},"modified":"2026-04-08T09:31:19","modified_gmt":"2026-04-08T09:31:19","slug":"green-nano","status":"publish","type":"product","link":"https:\/\/nanonsg.com\/index.php\/product\/green-nano\/","title":{"rendered":"CH\u1ebe PH\u1ea8M GREEN NANO"},"content":{"rendered":"<p><strong>Th\u00e0nh ph\u1ea7n: <\/strong><\/p>\n<ul>\n<li>Nano TiO<sub>2<\/sub>: 1.500ppm<\/li>\n<li>Nano Carbon: 10.000ppm<\/li>\n<li>Ph\u1ee5 gia v\u1eeba \u0111\u1ee7<\/li>\n<\/ul>\n<p><strong>C\u00f4ng d\u1ee5ng:<\/strong><\/p>\n<ul>\n<li>T\u0103ng hi\u1ec7u su\u1ea5t quang h\u1ee3p nh\u1edd nano TiO<sub>2<\/sub> gi\u00fap t\u0103ng kh\u1ea3 n\u0103ng h\u1ea5p thu \u00e1nh s\u00e1ng, t\u0103ng ho\u1ea1t \u0111\u1ed9ng c\u1ee7a enzym Rubisco v\u00e0 gi\u1ea3m stress quang.<\/li>\n<li>T\u0103ng sinh tr\u01b0\u1edfng \u0111\u1ed3ng \u0111\u1ec1u th\u00e2n \u2013 l\u00e1 \u2013 qu\u1ea3<\/li>\n<li>T\u0103ng \u0111\u1ec1 kh\u00e1ng t\u1ef1 nhi\u00ean c\u1ee7a c\u00e2y<\/li>\n<li>C\u1ea3i thi\u1ec7n kh\u1ea3 n\u0103ng h\u1ea5p thu dinh d\u01b0\u1ee1ng c\u1ee7a c\u00e2y.<\/li>\n<\/ul>\n<p><strong>H\u01b0\u1edbng d\u1eabn s\u1eed d\u1ee5ng<\/strong><\/p>\n<ul>\n<li>Pha theo t\u1ef7 l\u1ec7 1:500. V\u00ed d\u1ee5: Pha 20 ml cho 10 l\u00edt n\u01b0\u1edbc, ho\u1eb7c 1 l\u00edt cho 500 l\u00edt n\u01b0\u1edbc<\/li>\n<li>Phun 7 ng\u00e0y\/l\u1ea7n, phun v\u00e0o s\u00e1ng s\u1edbm ho\u1eb7c chi\u1ec1u m\u00e1t, phun \u0111\u1ec1u 2 m\u1eb7t l\u00e1 \u0111\u1ec3 t\u1ed1i \u01b0u h\u1ea5p thu.<\/li>\n<\/ul>\n<p><strong>Th\u00f4ng tin c\u1ea3nh b\u00e1o an to\u00e0n \u2013 b\u1ea3o qu\u1ea3n:<\/strong><\/p>\n<ul>\n<li>R\u1eeda tay s\u1ea1ch tr\u01b0\u1edbc khi s\u1eed d\u1ee5ng<\/li>\n<li>Kh\u00f4ng \u0111\u01b0\u1ee3c u\u1ed1ng, \u0111\u1ec3 xa t\u1ea7m tay tr\u1ebb em<\/li>\n<li>\u0110\u1ec3 n\u01a1i kh\u00f4 r\u00e1o, tho\u00e1ng m\u00e1t<\/li>\n<li>V\u1eb7n ch\u1eb7t khi kh\u00f4ng s\u1eed d\u1ee5ng<\/li>\n<\/ul>\n<p><strong>Th\u1ec3 t\u00edch: 500ml<\/strong><\/p>\n","protected":false},"excerpt":{"rendered":"<p><strong data-start=\"0\" data-end=\"14\">GREEN NANO<\/strong>\u00a0l\u00e0 <strong>gi\u1ea3i ph\u00e1p nano cho c\u00e2y rau m\u00e0u, \u0103n l\u00e1, \u0103n qu\u1ea3 <\/strong>gi\u00fap t\u0103ng quang h\u1ee3p, th\u00fac \u0111\u1ea9y sinh tr\u01b0\u1edfng \u0111\u1ed3ng \u0111\u1ec1u v\u00e0 n\u00e2ng cao \u0111\u1ec1 kh\u00e1ng cho c\u00e2y tr\u1ed3ng.<br data-start=\"123\" data-end=\"126\" \/>\u1ee8ng d\u1ee5ng <strong data-start=\"135\" data-end=\"163\">nano TiO\u2082 v\u00e0 nano Carbon<\/strong>, s\u1ea3n ph\u1ea9m gi\u00fap c\u00e2y:<\/p>\n<ul>\n<li>H\u1ea5p thu \u00e1nh s\u00e1ng t\u1ed1t h\u01a1n<\/li>\n<li>C\u1ea3i thi\u1ec7n kh\u1ea3 n\u0103ng h\u1ea5p thu dinh d\u01b0\u1ee1ng<\/li>\n<li>h\u00e1t tri\u1ec3n kh\u1ecfe v\u00e0 t\u1ed1i \u01b0u n\u0103ng su\u1ea5t<\/li>\n<\/ul>\n","protected":false},"featured_media":10727,"comment_status":"open","ping_status":"closed","template":"","meta":[],"product_brand":[],"product_cat":[28],"product_tag":[],"class_list":{"0":"post-114","1":"product","2":"type-product","3":"status-publish","4":"has-post-thumbnail","6":"product_cat-nano-tang-truong","8":"first","9":"instock","10":"shipping-taxable","11":"product-type-simple"},"_links":{"self":[{"href":"https:\/\/nanonsg.com\/index.php\/wp-json\/wp\/v2\/product\/114","targetHints":{"allow":["GET"]}}],"collection":[{"href":"https:\/\/nanonsg.com\/index.php\/wp-json\/wp\/v2\/product"}],"about":[{"href":"https:\/\/nanonsg.com\/index.php\/wp-json\/wp\/v2\/types\/product"}],"replies":[{"embeddable":true,"href":"https:\/\/nanonsg.com\/index.php\/wp-json\/wp\/v2\/comments?post=114"}],"wp:featuredmedia":[{"embeddable":true,"href":"https:\/\/nanonsg.com\/index.php\/wp-json\/wp\/v2\/media\/10727"}],"wp:attachment":[{"href":"https:\/\/nanonsg.com\/index.php\/wp-json\/wp\/v2\/media?parent=114"}],"wp:term":[{"taxonomy":"product_brand","embeddable":true,"href":"https:\/\/nanonsg.com\/index.php\/wp-json\/wp\/v2\/product_brand?post=114"},{"taxonomy":"product_cat","embeddable":true,"href":"https:\/\/nanonsg.com\/index.php\/wp-json\/wp\/v2\/product_cat?post=114"},{"taxonomy":"product_tag","embeddable":true,"href":"https:\/\/nanonsg.com\/index.php\/wp-json\/wp\/v2\/product_tag?post=114"}],"curies":[{"name":"wp","href":"https:\/\/api.w.org\/{rel}","templated":true}]}}