{"id":113,"date":"2025-12-16T11:32:31","date_gmt":"2025-12-16T11:32:31","guid":{"rendered":"https:\/\/demo.awaikenthemes.com\/soilux\/?post_type=product&#038;p=113"},"modified":"2026-04-08T09:22:20","modified_gmt":"2026-04-08T09:22:20","slug":"peco-nano","status":"publish","type":"product","link":"https:\/\/nanonsg.com\/index.php\/product\/peco-nano\/","title":{"rendered":"CH\u1ebe PH\u1ea8M PECO NANO"},"content":{"rendered":"<p><strong>Th\u00e0nh ph\u1ea7n: <\/strong><\/p>\n<ul>\n<li>Nano TiO<sub>2<\/sub>: 2.500ppm<\/li>\n<li>Nano Carbon: 10.000ppm<\/li>\n<li>Sorbitol: 1.000ppm<\/li>\n<li>Ph\u1ee5 gia v\u1eeba \u0111\u1ee7<\/li>\n<\/ul>\n<p><strong>C\u00f4ng d\u1ee5ng:<\/strong><\/p>\n<ul>\n<li>T\u0103ng hi\u1ec7u su\u1ea5t quang h\u1ee3p nh\u1edd nano TiO<sub>2<\/sub> gi\u00fap t\u0103ng kh\u1ea3 n\u0103ng h\u1ea5p thu \u00e1nh s\u00e1ng, t\u0103ng ho\u1ea1t \u0111\u1ed9ng c\u1ee7a enzym Rubisco v\u00e0 gi\u1ea3m stress quang.<\/li>\n<li>T\u0103ng v\u1eadn chuy\u1ec3n dinh d\u01b0\u1ee1ng \u2013 \u0111\u01b0\u1eddng \u2013 kho\u00e1ng \u0111\u1ebfn c\u01a1 quan t\u00edch tr\u1eef: qu\u1ea3, h\u1ea1t,&#8230;<\/li>\n<li>Ph\u1ee5c h\u1ed3i c\u00e2y sau ng\u1ed9 \u0111\u1ed9c ph\u00e2n, sau ng\u1eadp \u00fang, gi\u00fap l\u00e1 xanh tr\u1edf l\u1ea1i nhanh h\u01a1n<\/li>\n<li>T\u0103ng \u0111\u1ec1 kh\u00e1ng \u2013 gi\u1ea3m stress, \u0111\u1eb7c bi\u1ec7t trong n\u1eafng n\u00f3ng ho\u1eb7c kh\u00f4 h\u1ea1n k\u00e9o d\u00e0i.<\/li>\n<\/ul>\n<p><strong>H\u01b0\u1edbng d\u1eabn s\u1eed d\u1ee5ng<\/strong><\/p>\n<ul>\n<li>Pha theo t\u1ef7 l\u1ec7 1:500. V\u00ed d\u1ee5: Pha 20 ml cho 10 l\u00edt n\u01b0\u1edbc, ho\u1eb7c 1 l\u00edt cho 500 l\u00edt n\u01b0\u1edbc<\/li>\n<li>Phun t\u1eadp trung giai \u0111o\u1ea1n ph\u1ee5c h\u1ed3i c\u00e2y sau thu ho\u1ea1ch, giai \u0111o\u1ea1n ph\u00e1t tri\u1ec3n c\u00e0nh l\u00e1, giai \u0111o\u1ea1n chu\u1ea9n b\u1ecb l\u00e0m hoa v\u00e0 nu\u00f4i tr\u00e1i, t\u1ea7n su\u1ea5t 7 ng\u00e0y\/l\u1ea7n.<\/li>\n<li>Phun v\u00e0o s\u00e1ng s\u1edbm ho\u1eb7c chi\u1ec1u m\u00e1t, phun \u0111\u1ec1u 2 m\u1eb7t l\u00e1 \u0111\u1ec3 t\u1ed1i \u01b0u h\u1ea5p thu.<\/li>\n<\/ul>\n<p><strong>Th\u00f4ng tin c\u1ea3nh b\u00e1o an to\u00e0n \u2013 b\u1ea3o qu\u1ea3n:<\/strong><\/p>\n<ul>\n<li>R\u1eeda tay s\u1ea1ch tr\u01b0\u1edbc khi s\u1eed d\u1ee5ng<\/li>\n<li>Kh\u00f4ng \u0111\u01b0\u1ee3c u\u1ed1ng, \u0111\u1ec3 xa t\u1ea7m tay tr\u1ebb em<\/li>\n<li>\u0110\u1ec3 n\u01a1i kh\u00f4 r\u00e1o, tho\u00e1ng m\u00e1t<\/li>\n<li>V\u1eb7n ch\u1eb7t khi kh\u00f4ng s\u1eed d\u1ee5ng<\/li>\n<\/ul>\n<p><strong>Th\u1ec3 t\u00edch: 500ml<\/strong><\/p>\n","protected":false},"excerpt":{"rendered":"<p><b>PECO NANO <\/b>l\u00e0 gi\u1ea3i ph\u00e1p nano <strong data-start=\"17\" data-end=\"104\">cho c\u00e2y \u0103n qu\u1ea3 v\u00e0 c\u00e2y l\u1ea5y h\u1ea1t, <\/strong>gi\u00fap t\u0103ng quang h\u1ee3p, ph\u1ee5c h\u1ed3i v\u00e0 n\u00e2ng cao s\u1ee9c \u0111\u1ec1 kh\u00e1ng cho c\u00e2y tr\u1ed3ng.<br data-start=\"105\" data-end=\"108\" \/>\u1ee8ng d\u1ee5ng <strong data-start=\"117\" data-end=\"165\">nano TiO\u2082, nano Carbon v\u00e0 ho\u1ea1t ch\u1ea5t sinh h\u1ecdc<\/strong>, s\u1ea3n ph\u1ea9m h\u1ed7 tr\u1ee3:<\/p>\n<ul>\n<li>C\u00e2y v\u1eadn chuy\u1ec3n dinh d\u01b0\u1ee1ng hi\u1ec7u qu\u1ea3<\/li>\n<li>Gi\u00fap c\u00e2y nhanh ph\u1ee5c h\u1ed3i sau stress<\/li>\n<li>Ph\u00e1t tri\u1ec3n kh\u1ecfe v\u00e0 t\u1ed1i \u01b0u n\u0103ng su\u1ea5t b\u1ec1n v\u1eefng<\/li>\n<\/ul>\n","protected":false},"featured_media":10725,"comment_status":"open","ping_status":"closed","template":"","meta":[],"product_brand":[],"product_cat":[28],"product_tag":[],"class_list":{"0":"post-113","1":"product","2":"type-product","3":"status-publish","4":"has-post-thumbnail","6":"product_cat-nano-tang-truong","8":"first","9":"instock","10":"shipping-taxable","11":"product-type-simple"},"_links":{"self":[{"href":"https:\/\/nanonsg.com\/index.php\/wp-json\/wp\/v2\/product\/113","targetHints":{"allow":["GET"]}}],"collection":[{"href":"https:\/\/nanonsg.com\/index.php\/wp-json\/wp\/v2\/product"}],"about":[{"href":"https:\/\/nanonsg.com\/index.php\/wp-json\/wp\/v2\/types\/product"}],"replies":[{"embeddable":true,"href":"https:\/\/nanonsg.com\/index.php\/wp-json\/wp\/v2\/comments?post=113"}],"wp:featuredmedia":[{"embeddable":true,"href":"https:\/\/nanonsg.com\/index.php\/wp-json\/wp\/v2\/media\/10725"}],"wp:attachment":[{"href":"https:\/\/nanonsg.com\/index.php\/wp-json\/wp\/v2\/media?parent=113"}],"wp:term":[{"taxonomy":"product_brand","embeddable":true,"href":"https:\/\/nanonsg.com\/index.php\/wp-json\/wp\/v2\/product_brand?post=113"},{"taxonomy":"product_cat","embeddable":true,"href":"https:\/\/nanonsg.com\/index.php\/wp-json\/wp\/v2\/product_cat?post=113"},{"taxonomy":"product_tag","embeddable":true,"href":"https:\/\/nanonsg.com\/index.php\/wp-json\/wp\/v2\/product_tag?post=113"}],"curies":[{"name":"wp","href":"https:\/\/api.w.org\/{rel}","templated":true}]}}