{"id":112,"date":"2025-12-16T11:30:08","date_gmt":"2025-12-16T11:30:08","guid":{"rendered":"https:\/\/demo.awaikenthemes.com\/soilux\/?post_type=product&#038;p=112"},"modified":"2026-04-08T09:32:31","modified_gmt":"2026-04-08T09:32:31","slug":"duria-nano","status":"publish","type":"product","link":"https:\/\/nanonsg.com\/index.php\/product\/duria-nano\/","title":{"rendered":"CH\u1ebe PH\u1ea8M DURIA NANO"},"content":{"rendered":"<p><strong>Th\u00e0nh ph\u1ea7n: <\/strong><\/p>\n<ul>\n<li>Nano TiO<sub>2<\/sub>: 2.500ppm<\/li>\n<li>Nano Carbon: 10.000ppm<\/li>\n<li>Tryptophan: 2.000ppm<\/li>\n<li>Ph\u1ee5 gia v\u1eeba \u0111\u1ee7<\/li>\n<\/ul>\n<p><strong>C\u00f4ng d\u1ee5ng:<\/strong><\/p>\n<ul>\n<li>T\u0103ng hi\u1ec7u su\u1ea5t quang h\u1ee3p nh\u1edd nano TiO<sub>2<\/sub> gi\u00fap t\u0103ng kh\u1ea3 n\u0103ng h\u1ea5p thu \u00e1nh s\u00e1ng, t\u0103ng ho\u1ea1t \u0111\u1ed9ng c\u1ee7a enzym Rubisco v\u00e0 gi\u1ea3m stress quang.<\/li>\n<li>H\u1ed7 tr\u1ee3 t\u0103ng c\u01b0\u1eddng sinh tr\u01b0\u1edfng, \u0111\u1ebb nh\u00e1nh, ra ch\u1ed3i kh\u1ecfe, do tryptophan l\u00e0 ti\u1ec1n ch\u1ea5t auxin, gi\u00fap k\u00e9o d\u00e0i t\u1ebf b\u00e0o v\u00e0 ph\u00e1t tri\u1ec3n b\u1ed9 l\u00e1<\/li>\n<li>T\u0103ng hi\u1ec7u su\u1ea5t v\u1eadn chuy\u1ec3n v\u00e0 chuy\u1ec3n h\u00f3a dinh d\u01b0\u1ee1ng nh\u1edd nano Carbon<\/li>\n<li>T\u0103ng \u0111\u1ec1 kh\u00e1ng nh\u1edd c\u1ea3i thi\u1ec7n tr\u1ea1ng th\u00e1i ch\u1ed1ng oxi h\u00f3a c\u1ee7a c\u00e2y \u2013 t\u0103ng c\u01b0\u1eddng kh\u1ea3 n\u0103ng ch\u1ed1ng ch\u1ecbu \u0111i\u1ec1u ki\u1ec7n kh\u1eafc nghi\u1ec7t.<\/li>\n<li>T\u0103ng c\u01b0\u1eddng kh\u1ea3 n\u0103ng t\u1ea1o ch\u1ea5t kh\u00f4 c\u1ee7a c\u00e2y<\/li>\n<\/ul>\n<p><strong>H\u01b0\u1edbng d\u1eabn s\u1eed d\u1ee5ng<\/strong><\/p>\n<ul>\n<li>Pha theo t\u1ef7 l\u1ec7 1:500. V\u00ed d\u1ee5: Pha 20 ml cho 10 l\u00edt n\u01b0\u1edbc, ho\u1eb7c 1 l\u00edt cho 500 l\u00edt n\u01b0\u1edbc<\/li>\n<li>Phun t\u1eadp trung giai \u0111o\u1ea1n ph\u1ee5c h\u1ed3i c\u00e2y sau thu ho\u1ea1ch, giai \u0111o\u1ea1n ph\u00e1t tri\u1ec3n c\u00e0nh l\u00e1, giai \u0111o\u1ea1n chu\u1ea9n b\u1ecb l\u00e0m hoa v\u00e0 nu\u00f4i tr\u00e1i, t\u1ea7n su\u1ea5t 7 ng\u00e0y\/l\u1ea7n.<\/li>\n<li>Phun v\u00e0o s\u00e1ng s\u1edbm ho\u1eb7c chi\u1ec1u m\u00e1t, phun \u0111\u1ec1u 2 m\u1eb7t l\u00e1 \u0111\u1ec3 t\u1ed1i \u01b0u h\u1ea5p thu.<\/li>\n<\/ul>\n<p><strong>Th\u00f4ng tin c\u1ea3nh b\u00e1o an to\u00e0n \u2013 b\u1ea3o qu\u1ea3n:<\/strong><\/p>\n<ul>\n<li>R\u1eeda tay s\u1ea1ch tr\u01b0\u1edbc khi s\u1eed d\u1ee5ng<\/li>\n<li>Kh\u00f4ng \u0111\u01b0\u1ee3c u\u1ed1ng, \u0111\u1ec3 xa t\u1ea7m tay tr\u1ebb em<\/li>\n<li>\u0110\u1ec3 n\u01a1i kh\u00f4 r\u00e1o, tho\u00e1ng m\u00e1t<\/li>\n<li>V\u1eb7n ch\u1eb7t khi kh\u00f4ng s\u1eed d\u1ee5ng<\/li>\n<\/ul>\n<p><strong>Th\u1ec3 t\u00edch: 500ml<\/strong><\/p>\n","protected":false},"excerpt":{"rendered":"<p><strong data-start=\"0\" data-end=\"14\" data-is-only-node=\"\">DURIA NANO <\/strong>l\u00e0 <strong data-start=\"18\" data-end=\"62\">gi\u1ea3i ph\u00e1p nano cho c\u00e2y tr\u1ed3ng gi\u00e1 tr\u1ecb cao <\/strong>(v\u00ed d\u1ee5: S\u1ea7u ri\u00eang), gi\u00fap t\u0103ng quang h\u1ee3p, k\u00edch th\u00edch sinh tr\u01b0\u1edfng v\u00e0 n\u00e2ng cao \u0111\u1ec1 kh\u00e1ng.<br data-start=\"129\" data-end=\"132\" \/>\u1ee8ng d\u1ee5ng <strong data-start=\"141\" data-end=\"189\">nano TiO\u2082, nano Carbon v\u00e0 ho\u1ea1t ch\u1ea5t sinh h\u1ecdc<\/strong>, s\u1ea3n ph\u1ea9m gi\u00fap:<\/p>\n<ul>\n<li>C\u00e2y ph\u00e1t tri\u1ec3n kh\u1ecfe<\/li>\n<li>T\u1ed1i \u01b0u n\u0103ng su\u1ea5t v\u00e0 n\u00e2ng cao ch\u1ea5t l\u01b0\u1ee3ng n\u00f4ng s\u1ea3n<\/li>\n<\/ul>\n","protected":false},"featured_media":10719,"comment_status":"open","ping_status":"closed","template":"","meta":[],"product_brand":[],"product_cat":[28],"product_tag":[],"class_list":{"0":"post-112","1":"product","2":"type-product","3":"status-publish","4":"has-post-thumbnail","6":"product_cat-nano-tang-truong","8":"first","9":"instock","10":"shipping-taxable","11":"product-type-simple"},"_links":{"self":[{"href":"https:\/\/nanonsg.com\/index.php\/wp-json\/wp\/v2\/product\/112","targetHints":{"allow":["GET"]}}],"collection":[{"href":"https:\/\/nanonsg.com\/index.php\/wp-json\/wp\/v2\/product"}],"about":[{"href":"https:\/\/nanonsg.com\/index.php\/wp-json\/wp\/v2\/types\/product"}],"replies":[{"embeddable":true,"href":"https:\/\/nanonsg.com\/index.php\/wp-json\/wp\/v2\/comments?post=112"}],"wp:featuredmedia":[{"embeddable":true,"href":"https:\/\/nanonsg.com\/index.php\/wp-json\/wp\/v2\/media\/10719"}],"wp:attachment":[{"href":"https:\/\/nanonsg.com\/index.php\/wp-json\/wp\/v2\/media?parent=112"}],"wp:term":[{"taxonomy":"product_brand","embeddable":true,"href":"https:\/\/nanonsg.com\/index.php\/wp-json\/wp\/v2\/product_brand?post=112"},{"taxonomy":"product_cat","embeddable":true,"href":"https:\/\/nanonsg.com\/index.php\/wp-json\/wp\/v2\/product_cat?post=112"},{"taxonomy":"product_tag","embeddable":true,"href":"https:\/\/nanonsg.com\/index.php\/wp-json\/wp\/v2\/product_tag?post=112"}],"curies":[{"name":"wp","href":"https:\/\/api.w.org\/{rel}","templated":true}]}}